{"id":5,"date":"2024-11-19T16:17:26","date_gmt":"2024-11-19T15:17:26","guid":{"rendered":"https:\/\/www.ddfpt.vilgenis.fr\/?page_id=5"},"modified":"2024-11-19T16:47:05","modified_gmt":"2024-11-19T15:47:05","slug":"pot-de-depart-de-christophe","status":"publish","type":"page","link":"https:\/\/www.ddfpt.vilgenis.fr\/","title":{"rendered":"Pot de d\u00e9part de Christophe"},"content":{"rendered":"\n<p>Ca y est c&rsquo;est le d\u00e9part, mais avant on va f\u00eater \u00e7a le 28 novembre 2024 tous ensemble.<\/p>\n\n\n\n<p>Serez vous pr\u00e9sent ?<\/p>\n\n\n\n<p>R\u00e9pondez moi avec ce petit formulaire rapide et concis. Merci \u00e0 tous.<\/p>\n\n\n<div class=\"frm_forms  with_frm_style frm_style_style-formidable\" id=\"frm_form_2_container\" data-token=\"fc3bf3f2afbd2f860b0409ebf7e5bc8d\">\n<form enctype=\"multipart\/form-data\" method=\"post\" class=\"frm-show-form  frm_pro_form \" id=\"form_pot-de-depart\" data-token=\"fc3bf3f2afbd2f860b0409ebf7e5bc8d\">\n<div class=\"frm_form_fields \">\n<fieldset>\n<legend class=\"frm_screen_reader\">Pot de d\u00e9part<\/legend>\r\n\r\n<div class=\"frm_fields_container\">\n<input type=\"hidden\" name=\"frm_action\" value=\"create\" \/>\n<input type=\"hidden\" name=\"form_id\" value=\"2\" \/>\n<input type=\"hidden\" name=\"frm_hide_fields_2\" id=\"frm_hide_fields_2\" value=\"\" \/>\n<input type=\"hidden\" name=\"form_key\" value=\"pot-de-depart\" \/>\n<input type=\"hidden\" name=\"item_meta[0]\" value=\"\" \/>\n<input type=\"hidden\" id=\"frm_submit_entry_2\" name=\"frm_submit_entry_2\" value=\"70007f41b4\" \/><input type=\"hidden\" name=\"_wp_http_referer\" value=\"\/index.php\/wp-json\/wp\/v2\/pages\/5\" \/><div id=\"frm_field_7_container\" class=\"frm_form_field form-field  frm_required_field frm_top_container\">\r\n\t<div  id=\"field_k2qkz_label\" class=\"frm_primary_label\">Pr\u00e9nom &#038; Nom\r\n\t\t<span class=\"frm_required\" aria-hidden=\"true\">*<\/span>\r\n\t<\/div>\r\n\t<fieldset aria-labelledby=\"field_k2qkz_label\">\n\t<legend class=\"frm_screen_reader frm_hidden\">\n\t\tPr\u00e9nom &amp; Nom\t<\/legend>\n\n\t<div  class=\"frm_combo_inputs_container\" id=\"frm_combo_inputs_container_7\" data-name-layout=\"first_last\">\n\t\t\t\t\t<div\n\t\t\t\tid=\"frm_field_7-first_container\"\n\t\t\t\tclass=\"frm_form_field form-field frm_form_subfield-first  frm6\"\n\t\t\t\tdata-sub-field-name=\"first\"\n\t\t\t>\n\t\t\t\t<label for=\"field_k2qkz_first\" class=\"frm_screen_reader frm_hidden\">\n\t\t\t\t\tPr\u00e9nom\t\t\t\t<\/label>\n\n\t\t\t\t\t\t\t\t\t\t<input\n\t\t\t\t\t\t\ttype=\"text\"\n\t\t\t\t\t\t\tid=\"field_k2qkz_first\"\n\t\t\t\t\t\t\tvalue=\"\"\n\t\t\t\t\t\t\tname=\"item_meta[7][first]\"  data-reqmsg=\"Pr\u00e9nom &amp; Nom ne peut pas \u00eatre vide.\" aria-required=\"true\" data-invmsg=\"Pr\u00e9nom &amp; Nom est non valide\" aria-invalid=\"false\"  \t\t\t\t\t\t\/>\n\t\t\t\t\t\t<div class=\"frm_description\" id=\"frm_field_7_first_desc\">Pr\u00e9nom<\/div>\t\t\t<\/div>\n\t\t\t\t\t\t<div\n\t\t\t\tid=\"frm_field_7-last_container\"\n\t\t\t\tclass=\"frm_form_field form-field frm_form_subfield-last  frm6\"\n\t\t\t\tdata-sub-field-name=\"last\"\n\t\t\t>\n\t\t\t\t<label for=\"field_k2qkz_last\" class=\"frm_screen_reader frm_hidden\">\n\t\t\t\t\tNom\t\t\t\t<\/label>\n\n\t\t\t\t\t\t\t\t\t\t<input\n\t\t\t\t\t\t\ttype=\"text\"\n\t\t\t\t\t\t\tid=\"field_k2qkz_last\"\n\t\t\t\t\t\t\tvalue=\"\"\n\t\t\t\t\t\t\tname=\"item_meta[7][last]\"  data-reqmsg=\"Pr\u00e9nom &amp; Nom ne peut pas \u00eatre vide.\" aria-required=\"true\" data-invmsg=\"Pr\u00e9nom &amp; Nom est non valide\" aria-invalid=\"false\"  \t\t\t\t\t\t\/>\n\t\t\t\t\t\t<div class=\"frm_description\" id=\"frm_field_7_last_desc\">Nom<\/div>\t\t\t<\/div>\n\t\t\t\t<\/div>\n<\/fieldset>\n\r\n\t\r\n\t\r\n<\/div>\n<div id=\"frm_field_9_container\" class=\"frm_form_field form-field  frm_required_field frm_top_container vertical_radio\">\r\n\t<div  id=\"field_5jrln_label\" class=\"frm_primary_label\">Je serais pr\u00e9sent jeudi soir\r\n\t\t<span class=\"frm_required\" aria-hidden=\"true\">*<\/span>\r\n\t<\/div>\r\n\t<div class=\"frm_opt_container\" aria-labelledby=\"field_5jrln_label\" role=\"group\">\t\t<div class=\"frm_checkbox\" id=\"frm_checkbox_9-0\">\t\t\t<label  for=\"field_5jrln-0\">\n\t\t\t<input type=\"checkbox\" name=\"item_meta[9][]\" id=\"field_5jrln-0\" value=\"Oui\"  data-reqmsg=\"Je serais pr\u00e9sent jeudi soir ne peut pas \u00eatre vide.\" data-invmsg=\"Je serais pr\u00e9sent jeudi soir est non valide\" aria-invalid=\"false\"   aria-required=\"true\"  \/> Oui<\/label><\/div>\n\t\t<div class=\"frm_checkbox\" id=\"frm_checkbox_9-1\">\t\t\t<label  for=\"field_5jrln-1\">\n\t\t\t<input type=\"checkbox\" name=\"item_meta[9][]\" id=\"field_5jrln-1\" value=\"Non\"  data-reqmsg=\"Je serais pr\u00e9sent jeudi soir ne peut pas \u00eatre vide.\" data-invmsg=\"Je serais pr\u00e9sent jeudi soir est non valide\" aria-invalid=\"false\"   \/> Non<\/label><\/div>\n<\/div>\r\n\t\r\n\t\r\n<\/div>\n<div id=\"frm_field_6_container\" class=\"frm_form_field form-field \">\r\n\t<div class=\"frm_submit frm_flex\">\r\n<button class=\"frm_button_submit frm_final_submit\" type=\"submit\"  >Envoyer<\/button>\r\n\r\n\r\n\r\n<\/div>\r\n<\/div>\n\t<input type=\"hidden\" name=\"item_key\" value=\"\" \/>\n\t\t\t\t<div class=\"frm__673ca8e963e2c\">\n\t\t\t\t<label for=\"frm_email_2\" >\n\t\t\t\t\tSi vous \u00eates un humain, ne remplissez pas ce champ.\t\t\t\t<\/label>\n\t\t\t\t<input  id=\"frm_email_2\" type=\"text\" class=\"frm_verify\" name=\"frm__673ca8e963e2c\" value=\"\" autocomplete=\"off\"  \/>\n\t\t\t<\/div>\n\t\t<input name=\"frm_state\" type=\"hidden\" value=\"6f92FCNhr80qGQUSCUza67xz6WWxXH6P8iKighFZIUE=\" \/><\/div>\n<\/fieldset>\n<\/div>\n\n<\/form>\n<\/div>\n","protected":false},"excerpt":{"rendered":"<p>Ca y est c&rsquo;est le d\u00e9part, mais avant on va f\u00eater \u00e7a le 28 novembre 2024 tous ensemble. Serez vous pr\u00e9sent ? R\u00e9pondez moi avec ce petit formulaire rapide et concis. Merci \u00e0 tous.<\/p>\n","protected":false},"author":1,"featured_media":0,"parent":0,"menu_order":0,"comment_status":"closed","ping_status":"closed","template":"","meta":{"footnotes":""},"class_list":["post-5","page","type-page","status-publish","hentry"],"_links":{"self":[{"href":"https:\/\/www.ddfpt.vilgenis.fr\/index.php\/wp-json\/wp\/v2\/pages\/5","targetHints":{"allow":["GET"]}}],"collection":[{"href":"https:\/\/www.ddfpt.vilgenis.fr\/index.php\/wp-json\/wp\/v2\/pages"}],"about":[{"href":"https:\/\/www.ddfpt.vilgenis.fr\/index.php\/wp-json\/wp\/v2\/types\/page"}],"author":[{"embeddable":true,"href":"https:\/\/www.ddfpt.vilgenis.fr\/index.php\/wp-json\/wp\/v2\/users\/1"}],"replies":[{"embeddable":true,"href":"https:\/\/www.ddfpt.vilgenis.fr\/index.php\/wp-json\/wp\/v2\/comments?post=5"}],"version-history":[{"count":4,"href":"https:\/\/www.ddfpt.vilgenis.fr\/index.php\/wp-json\/wp\/v2\/pages\/5\/revisions"}],"predecessor-version":[{"id":15,"href":"https:\/\/www.ddfpt.vilgenis.fr\/index.php\/wp-json\/wp\/v2\/pages\/5\/revisions\/15"}],"wp:attachment":[{"href":"https:\/\/www.ddfpt.vilgenis.fr\/index.php\/wp-json\/wp\/v2\/media?parent=5"}],"curies":[{"name":"wp","href":"https:\/\/api.w.org\/{rel}","templated":true}]}}